{"id":13,"date":"2023-03-29T21:08:03","date_gmt":"2023-03-29T21:08:03","guid":{"rendered":"https:\/\/www.durchblick-bibelstand.de\/?page_id=13"},"modified":"2023-03-29T21:28:32","modified_gmt":"2023-03-29T21:28:32","slug":"impressum","status":"publish","type":"page","link":"https:\/\/www.durchblick-bibelstand.de\/index.php\/impressum\/","title":{"rendered":"Impressum"},"content":{"rendered":"\t\t<div data-elementor-type=\"wp-page\" data-elementor-id=\"13\" class=\"elementor elementor-13\">\n\t\t\t\t\t\t<section class=\"elementor-section elementor-top-section elementor-element elementor-element-a9b946b elementor-section-boxed elementor-section-height-default elementor-section-height-default\" data-id=\"a9b946b\" data-element_type=\"section\" data-e-type=\"section\">\n\t\t\t\t\t\t<div class=\"elementor-container elementor-column-gap-default\">\n\t\t\t\t\t<div class=\"elementor-column elementor-col-100 elementor-top-column elementor-element elementor-element-d8e9e82\" data-id=\"d8e9e82\" data-element_type=\"column\" data-e-type=\"column\">\n\t\t\t<div class=\"elementor-widget-wrap elementor-element-populated\">\n\t\t\t\t\t\t<div class=\"elementor-element elementor-element-f69a0ef elementor-widget elementor-widget-text-editor\" data-id=\"f69a0ef\" data-element_type=\"widget\" data-e-type=\"widget\" data-widget_type=\"text-editor.default\">\n\t\t\t\t<div class=\"elementor-widget-container\">\n\t\t\t\t\t\t\t\t\t<p>Lorem ipsum dolor sit amet, consectetur adipiscing elit. Ut elit tellus, luctus nec ullamcorper mattis, pulvinar dapibus leo.<\/p><h2 style=\"font-family: Ubuntu, sans-serif; color: rgb(122, 122, 122);\">Angaben gem\u00e4\u00df \u00a7 5 TMG<\/h2><p style=\"font-family: Ubuntu, sans-serif;\">Inhaltlich Verantwortlicher und finanzieller Tr\u00e4ger f\u00fcr die Webseite:<\/p><p style=\"font-family: Ubuntu, sans-serif;\">Biblische Glaubensimpulse e.V.<br>Daniel Bauer und Tobias Bluhm<\/p><p style=\"font-family: Ubuntu, sans-serif;\">Leimstra\u00dfe 15<br>58135 Hagen<\/p><p style=\"font-family: Ubuntu, sans-serif;\">Deutschland<\/p><p style=\"font-family: Ubuntu, sans-serif;\">T: +02331 &#8211; 36 37 760<br>admin@gefangenenmission.de<\/p><h3 style=\"font-family: Ubuntu, sans-serif; color: rgb(122, 122, 122);\">HAFTUNG F\u00dcR INHALTE<\/h3><p style=\"font-family: Ubuntu, sans-serif;\">Die Inhalte unserer Seiten wurden mit gr\u00f6\u00dfter Sorgfalt erstellt. F\u00fcr die Richtigkeit, Vollst\u00e4ndigkeit und Aktualit\u00e4t der Inhalte k\u00f6nnen wir jedoch keine Gew\u00e4hr \u00fcbernehmen. Als Diensteanbieter sind wir gem\u00e4\u00df \u00a7 6 Abs.1 MDStV und \u00a7 8 Abs.1 TDG f\u00fcr eigene Inhalte auf diesen Seiten nach den allgemeinen Gesetzen verantwortlich. Diensteanbieter sind jedoch nicht verpflichtet, die von ihnen \u00fcbermittelten oder gespeicherten fremden Informationen zu \u00fcberwachen oder nach Umst\u00e4nden zu forschen, die auf eine rechtswidrige T\u00e4tigkeit hinweisen. Verpflichtungen zur Entfernung oder Sperrung der Nutzung von Informationen nach den allgemeinen Gesetzen bleiben hiervon unber\u00fchrt. Eine diesbez\u00fcgliche Haftung ist jedoch erst ab dem Zeitpunkt der Kenntnis einer konkreten Rechtsverletzung m\u00f6glich. Bei bekannt werden von entsprechenden Rechtsverletzungen werden wir diese Inhalte umgehend entfernen.<\/p><h3 style=\"font-family: Ubuntu, sans-serif; color: rgb(122, 122, 122);\">HAFTUNG F\u00dcR LINKS<\/h3><p style=\"font-family: Ubuntu, sans-serif;\">Unser Angebot enth\u00e4lt Links zu externen Webseiten Dritter, auf deren Inhalte wir keinen Einfluss haben. Deshalb k\u00f6nnen wir f\u00fcr diese fremden Inhalte auch keine Gew\u00e4hr \u00fcbernehmen. F\u00fcr die Inhalte der verlinkten Seiten ist stets der jeweilige Anbieter oder Betreiber der Seiten verantwortlich. Die verlinkten Seiten wurden zum Zeitpunkt der Verlinkung auf m\u00f6gliche Rechtsverst\u00f6\u00dfe \u00fcberpr\u00fcft. Rechtswidrige Inhalte waren zum Zeitpunkt der Verlinkung nicht erkennbar. Eine permanente inhaltliche Kontrolle der verlinkten Seiten ist jedoch ohne konkrete Anhaltspunkte einer Rechtsverletzung nicht zumutbar. Bei bekannt werden von Rechtsverletzungen werden wir derartige Links umgehend entfernen.<\/p><h3 style=\"font-family: Ubuntu, sans-serif; color: rgb(122, 122, 122);\">URHEBERRECHT<\/h3><p style=\"font-family: Ubuntu, sans-serif;\">Die Betreiber der Seiten sind bem\u00fcht, stets die Urheberrechte anderer zu beachten bzw. auf selbst erstellte sowie lizenzfreie Werke zur\u00fcckzugreifen. Die durch die Seitenbetreiber erstellten Inhalte und Werke auf diesen Seiten unterliegen dem deutschen Urheberrecht. Beitr\u00e4ge Dritter sind als solche gekennzeichnet. Die Vervielf\u00e4ltigung, Bearbeitung, Verbreitung und jede Art der Verwertung au\u00dferhalb der Grenzen des Urheberrechtes bed\u00fcrfen der schriftlichen Zustimmung des jeweiligen Autors bzw. Erstellers. Downloads und Kopien dieser Seite sind nur f\u00fcr den privaten, nicht kommerziellen Gebrauch gestattet.<\/p><h3 style=\"font-family: Ubuntu, sans-serif; color: rgb(122, 122, 122);\">STREITBEILEGUNG<\/h3><p style=\"font-family: Ubuntu, sans-serif;\">Alternative Streitbeilegung gem\u00e4\u00df Art. 14 Abs. 1 ODR-VO und \u00a7 36 VSBG:<\/p><p style=\"font-family: Ubuntu, sans-serif;\">Die Europ\u00e4ische Kommission stellt eine Plattform zur Online-Streitbeilegung (OS) bereit, die du unter http:\/\/ec.europa.eu\/consumers\/odr\/ findest. Zur Teilnahme an einem Streitbeilegungsverfahren vor einer Verbraucherschlichtungsstelle sind wir nicht verpflichtet und nicht bereit.<\/p><p style=\"font-family: Ubuntu, sans-serif;\"><em>Quelle: Disclaimer von Anwalt S\u00f6ren Siebert<\/em><\/p>\t\t\t\t\t\t\t\t<\/div>\n\t\t\t\t<\/div>\n\t\t\t\t\t<\/div>\n\t\t<\/div>\n\t\t\t\t\t<\/div>\n\t\t<\/section>\n\t\t\t\t<\/div>\n\t\t","protected":false},"excerpt":{"rendered":"<p>Lorem ipsum dolor sit amet, consectetur adipiscing elit. Ut elit tellus, luctus nec ullamcorper mattis, pulvinar dapibus leo. Angaben gem\u00e4\u00df \u00a7 5 TMG Inhaltlich Verantwortlicher und finanzieller Tr\u00e4ger f\u00fcr die Webseite: Biblische Glaubensimpulse e.V.Daniel Bauer und Tobias Bluhm Leimstra\u00dfe 1558135 Hagen Deutschland T: +02331 &#8211; 36 37 760admin@gefangenenmission.de HAFTUNG F\u00dcR INHALTE Die Inhalte unserer Seiten [&hellip;]<\/p>\n","protected":false},"author":2,"featured_media":0,"parent":0,"menu_order":0,"comment_status":"closed","ping_status":"closed","template":"","meta":{"footnotes":""},"class_list":["post-13","page","type-page","status-publish","hentry"],"yoast_head":"<!-- This site is optimized with the Yoast SEO plugin v27.4 - https:\/\/yoast.com\/product\/yoast-seo-wordpress\/ -->\n<title>Impressum - Der Bibelstand<\/title>\n<meta name=\"robots\" content=\"index, follow, max-snippet:-1, max-image-preview:large, max-video-preview:-1\" \/>\n<link rel=\"canonical\" href=\"https:\/\/www.durchblick-bibelstand.de\/index.php\/impressum\/\" \/>\n<meta property=\"og:locale\" content=\"de_DE\" \/>\n<meta property=\"og:type\" content=\"article\" \/>\n<meta property=\"og:title\" content=\"Impressum - Der Bibelstand\" \/>\n<meta property=\"og:description\" content=\"Lorem ipsum dolor sit amet, consectetur adipiscing elit. Ut elit tellus, luctus nec ullamcorper mattis, pulvinar dapibus leo. Angaben gem\u00e4\u00df \u00a7 5 TMG Inhaltlich Verantwortlicher und finanzieller Tr\u00e4ger f\u00fcr die Webseite: Biblische Glaubensimpulse e.V.Daniel Bauer und Tobias Bluhm Leimstra\u00dfe 1558135 Hagen Deutschland T: +02331 &#8211; 36 37 760admin@gefangenenmission.de HAFTUNG F\u00dcR INHALTE Die Inhalte unserer Seiten [&hellip;]\" \/>\n<meta property=\"og:url\" content=\"https:\/\/www.durchblick-bibelstand.de\/index.php\/impressum\/\" \/>\n<meta property=\"og:site_name\" content=\"Der Bibelstand\" \/>\n<meta property=\"article:modified_time\" content=\"2023-03-29T21:28:32+00:00\" \/>\n<meta name=\"twitter:card\" content=\"summary_large_image\" \/>\n<meta name=\"twitter:label1\" content=\"Gesch\u00e4tzte Lesezeit\" \/>\n\t<meta name=\"twitter:data1\" content=\"3\u00a0Minuten\" \/>\n<script type=\"application\/ld+json\" class=\"yoast-schema-graph\">{\"@context\":\"https:\\\/\\\/schema.org\",\"@graph\":[{\"@type\":\"WebPage\",\"@id\":\"https:\\\/\\\/www.durchblick-bibelstand.de\\\/index.php\\\/impressum\\\/\",\"url\":\"https:\\\/\\\/www.durchblick-bibelstand.de\\\/index.php\\\/impressum\\\/\",\"name\":\"Impressum - Der Bibelstand\",\"isPartOf\":{\"@id\":\"https:\\\/\\\/www.durchblick-bibelstand.de\\\/#website\"},\"datePublished\":\"2023-03-29T21:08:03+00:00\",\"dateModified\":\"2023-03-29T21:28:32+00:00\",\"breadcrumb\":{\"@id\":\"https:\\\/\\\/www.durchblick-bibelstand.de\\\/index.php\\\/impressum\\\/#breadcrumb\"},\"inLanguage\":\"de\",\"potentialAction\":[{\"@type\":\"ReadAction\",\"target\":[\"https:\\\/\\\/www.durchblick-bibelstand.de\\\/index.php\\\/impressum\\\/\"]}]},{\"@type\":\"BreadcrumbList\",\"@id\":\"https:\\\/\\\/www.durchblick-bibelstand.de\\\/index.php\\\/impressum\\\/#breadcrumb\",\"itemListElement\":[{\"@type\":\"ListItem\",\"position\":1,\"name\":\"Home\",\"item\":\"https:\\\/\\\/www.durchblick-bibelstand.de\\\/\"},{\"@type\":\"ListItem\",\"position\":2,\"name\":\"Impressum\"}]},{\"@type\":\"WebSite\",\"@id\":\"https:\\\/\\\/www.durchblick-bibelstand.de\\\/#website\",\"url\":\"https:\\\/\\\/www.durchblick-bibelstand.de\\\/\",\"name\":\"Der Bibelstand\",\"description\":\"\",\"publisher\":{\"@id\":\"https:\\\/\\\/www.durchblick-bibelstand.de\\\/#organization\"},\"potentialAction\":[{\"@type\":\"SearchAction\",\"target\":{\"@type\":\"EntryPoint\",\"urlTemplate\":\"https:\\\/\\\/www.durchblick-bibelstand.de\\\/?s={search_term_string}\"},\"query-input\":{\"@type\":\"PropertyValueSpecification\",\"valueRequired\":true,\"valueName\":\"search_term_string\"}}],\"inLanguage\":\"de\"},{\"@type\":\"Organization\",\"@id\":\"https:\\\/\\\/www.durchblick-bibelstand.de\\\/#organization\",\"name\":\"Der Bibelstand\",\"url\":\"https:\\\/\\\/www.durchblick-bibelstand.de\\\/\",\"logo\":{\"@type\":\"ImageObject\",\"inLanguage\":\"de\",\"@id\":\"https:\\\/\\\/www.durchblick-bibelstand.de\\\/#\\\/schema\\\/logo\\\/image\\\/\",\"url\":\"https:\\\/\\\/www.durchblick-bibelstand.de\\\/wp-content\\\/uploads\\\/2023\\\/03\\\/cropped-Logo2-kurz.jpg\",\"contentUrl\":\"https:\\\/\\\/www.durchblick-bibelstand.de\\\/wp-content\\\/uploads\\\/2023\\\/03\\\/cropped-Logo2-kurz.jpg\",\"width\":1429,\"height\":277,\"caption\":\"Der Bibelstand\"},\"image\":{\"@id\":\"https:\\\/\\\/www.durchblick-bibelstand.de\\\/#\\\/schema\\\/logo\\\/image\\\/\"}}]}<\/script>\n<!-- \/ Yoast SEO plugin. -->","yoast_head_json":{"title":"Impressum - Der Bibelstand","robots":{"index":"index","follow":"follow","max-snippet":"max-snippet:-1","max-image-preview":"max-image-preview:large","max-video-preview":"max-video-preview:-1"},"canonical":"https:\/\/www.durchblick-bibelstand.de\/index.php\/impressum\/","og_locale":"de_DE","og_type":"article","og_title":"Impressum - Der Bibelstand","og_description":"Lorem ipsum dolor sit amet, consectetur adipiscing elit. Ut elit tellus, luctus nec ullamcorper mattis, pulvinar dapibus leo. Angaben gem\u00e4\u00df \u00a7 5 TMG Inhaltlich Verantwortlicher und finanzieller Tr\u00e4ger f\u00fcr die Webseite: Biblische Glaubensimpulse e.V.Daniel Bauer und Tobias Bluhm Leimstra\u00dfe 1558135 Hagen Deutschland T: +02331 &#8211; 36 37 760admin@gefangenenmission.de HAFTUNG F\u00dcR INHALTE Die Inhalte unserer Seiten [&hellip;]","og_url":"https:\/\/www.durchblick-bibelstand.de\/index.php\/impressum\/","og_site_name":"Der Bibelstand","article_modified_time":"2023-03-29T21:28:32+00:00","twitter_card":"summary_large_image","twitter_misc":{"Gesch\u00e4tzte Lesezeit":"3\u00a0Minuten"},"schema":{"@context":"https:\/\/schema.org","@graph":[{"@type":"WebPage","@id":"https:\/\/www.durchblick-bibelstand.de\/index.php\/impressum\/","url":"https:\/\/www.durchblick-bibelstand.de\/index.php\/impressum\/","name":"Impressum - Der Bibelstand","isPartOf":{"@id":"https:\/\/www.durchblick-bibelstand.de\/#website"},"datePublished":"2023-03-29T21:08:03+00:00","dateModified":"2023-03-29T21:28:32+00:00","breadcrumb":{"@id":"https:\/\/www.durchblick-bibelstand.de\/index.php\/impressum\/#breadcrumb"},"inLanguage":"de","potentialAction":[{"@type":"ReadAction","target":["https:\/\/www.durchblick-bibelstand.de\/index.php\/impressum\/"]}]},{"@type":"BreadcrumbList","@id":"https:\/\/www.durchblick-bibelstand.de\/index.php\/impressum\/#breadcrumb","itemListElement":[{"@type":"ListItem","position":1,"name":"Home","item":"https:\/\/www.durchblick-bibelstand.de\/"},{"@type":"ListItem","position":2,"name":"Impressum"}]},{"@type":"WebSite","@id":"https:\/\/www.durchblick-bibelstand.de\/#website","url":"https:\/\/www.durchblick-bibelstand.de\/","name":"Der Bibelstand","description":"","publisher":{"@id":"https:\/\/www.durchblick-bibelstand.de\/#organization"},"potentialAction":[{"@type":"SearchAction","target":{"@type":"EntryPoint","urlTemplate":"https:\/\/www.durchblick-bibelstand.de\/?s={search_term_string}"},"query-input":{"@type":"PropertyValueSpecification","valueRequired":true,"valueName":"search_term_string"}}],"inLanguage":"de"},{"@type":"Organization","@id":"https:\/\/www.durchblick-bibelstand.de\/#organization","name":"Der Bibelstand","url":"https:\/\/www.durchblick-bibelstand.de\/","logo":{"@type":"ImageObject","inLanguage":"de","@id":"https:\/\/www.durchblick-bibelstand.de\/#\/schema\/logo\/image\/","url":"https:\/\/www.durchblick-bibelstand.de\/wp-content\/uploads\/2023\/03\/cropped-Logo2-kurz.jpg","contentUrl":"https:\/\/www.durchblick-bibelstand.de\/wp-content\/uploads\/2023\/03\/cropped-Logo2-kurz.jpg","width":1429,"height":277,"caption":"Der Bibelstand"},"image":{"@id":"https:\/\/www.durchblick-bibelstand.de\/#\/schema\/logo\/image\/"}}]}},"_links":{"self":[{"href":"https:\/\/www.durchblick-bibelstand.de\/index.php\/wp-json\/wp\/v2\/pages\/13","targetHints":{"allow":["GET"]}}],"collection":[{"href":"https:\/\/www.durchblick-bibelstand.de\/index.php\/wp-json\/wp\/v2\/pages"}],"about":[{"href":"https:\/\/www.durchblick-bibelstand.de\/index.php\/wp-json\/wp\/v2\/types\/page"}],"author":[{"embeddable":true,"href":"https:\/\/www.durchblick-bibelstand.de\/index.php\/wp-json\/wp\/v2\/users\/2"}],"replies":[{"embeddable":true,"href":"https:\/\/www.durchblick-bibelstand.de\/index.php\/wp-json\/wp\/v2\/comments?post=13"}],"version-history":[{"count":5,"href":"https:\/\/www.durchblick-bibelstand.de\/index.php\/wp-json\/wp\/v2\/pages\/13\/revisions"}],"predecessor-version":[{"id":41,"href":"https:\/\/www.durchblick-bibelstand.de\/index.php\/wp-json\/wp\/v2\/pages\/13\/revisions\/41"}],"wp:attachment":[{"href":"https:\/\/www.durchblick-bibelstand.de\/index.php\/wp-json\/wp\/v2\/media?parent=13"}],"curies":[{"name":"wp","href":"https:\/\/api.w.org\/{rel}","templated":true}]}}